{"id":209,"date":"2024-01-04T10:34:57","date_gmt":"2024-01-04T09:34:57","guid":{"rendered":"https:\/\/ginro.xyz\/?page_id=209"},"modified":"2025-06-02T21:23:31","modified_gmt":"2025-06-02T19:23:31","slug":"textos","status":"publish","type":"page","link":"https:\/\/ginro.xyz\/index.php\/textos\/","title":{"rendered":"Textos"},"content":{"rendered":"\t\t<div data-elementor-type=\"wp-page\" data-elementor-id=\"209\" class=\"elementor elementor-209\">\n\t\t\t\t<div class=\"elementor-element elementor-element-a7be075 e-flex e-con-boxed e-con e-parent\" data-id=\"a7be075\" data-element_type=\"container\" data-e-type=\"container\">\n\t\t\t\t\t<div class=\"e-con-inner\">\n\t\t\t\t<div class=\"elementor-element elementor-element-aa715e8 elementor-widget elementor-widget-spacer\" data-id=\"aa715e8\" data-element_type=\"widget\" data-e-type=\"widget\" data-widget_type=\"spacer.default\">\n\t\t\t\t<div class=\"elementor-widget-container\">\n\t\t\t\t\t\t\t<div class=\"elementor-spacer\">\n\t\t\t<div class=\"elementor-spacer-inner\"><\/div>\n\t\t<\/div>\n\t\t\t\t\t\t<\/div>\n\t\t\t\t<\/div>\n\t\t\t\t\t<\/div>\n\t\t\t\t<\/div>\n\t\t<div class=\"elementor-element elementor-element-8a53d4c e-flex e-con-boxed e-con e-parent\" data-id=\"8a53d4c\" data-element_type=\"container\" data-e-type=\"container\">\n\t\t\t\t\t<div class=\"e-con-inner\">\n\t\t<div class=\"elementor-element elementor-element-3b689c3 e-con-full e-flex e-con e-child\" data-id=\"3b689c3\" data-element_type=\"container\" data-e-type=\"container\">\n\t\t\t\t<\/div>\n\t\t<div class=\"elementor-element elementor-element-bbb4f18 e-con-full e-flex e-con e-child\" data-id=\"bbb4f18\" data-element_type=\"container\" data-e-type=\"container\">\n\t\t\t\t<div class=\"elementor-element elementor-element-7871145 elementor-widget elementor-widget-text-editor\" data-id=\"7871145\" data-element_type=\"widget\" data-e-type=\"widget\" data-widget_type=\"text-editor.default\">\n\t\t\t\t<div class=\"elementor-widget-container\">\n\t\t\t\t\t\t\t\t\t<div class=\"elementor-element elementor-element-c626661 e-flex e-con-boxed e-con e-parent e-lazyloaded\" data-id=\"c626661\" data-element_type=\"container\"><div class=\"e-con-inner\"><div class=\"elementor-element elementor-element-994278d elementor-widget elementor-widget-text-editor\" data-id=\"994278d\" data-element_type=\"widget\" data-widget_type=\"text-editor.default\"><div class=\"elementor-widget-container\"><h1>Textos escritos para exposiciones<\/h1><\/div><\/div><div class=\"elementor-element elementor-element-2a5d213 elementor-widget elementor-widget-text-editor\" data-id=\"2a5d213\" data-element_type=\"widget\" data-widget_type=\"text-editor.default\"><div class=\"elementor-widget-container\"><p><em><a href=\"http:\/\/ginro.xyz\/wp-content\/uploads\/2024\/01\/Reflexiones_Alba-Rodriguez-.pdf\">Reflexiones sonde migraci\u00f3n el retorno y la construcci\u00f3n de la identidad compartida<\/a><\/em> de Alba Rodr\u00edguez (2022) <em><br \/><\/em><\/p><\/div><\/div><div class=\"elementor-element elementor-element-c157999 elementor-widget elementor-widget-text-editor\" data-id=\"c157999\" data-element_type=\"widget\" data-widget_type=\"text-editor.default\"><div class=\"elementor-widget-container\"><p><em><a href=\"http:\/\/ginro.xyz\/wp-content\/uploads\/2024\/02\/EL-OTRO_JULIACABRERA.pdf\">El otro lado del jard\u00edn<\/a><\/em> de <a href=\"https:\/\/linktr.ee\/juliavcabrera?fbclid=PAAaZaX4sfN-HHPfGjFJmhPTLykgWImokdnXcgTB0_mX3Jct6rx8k_WhNMFug\">Jul\u00eda<strong> Cabrera <\/strong><\/a>(2023)<\/p><\/div><\/div><\/div><\/div>\t\t\t\t\t\t\t\t<\/div>\n\t\t\t\t<\/div>\n\t\t\t\t<\/div>\n\t\t\t\t\t<\/div>\n\t\t\t\t<\/div>\n\t\t<div class=\"elementor-element elementor-element-ec4148e e-flex e-con-boxed e-con e-parent\" data-id=\"ec4148e\" data-element_type=\"container\" data-e-type=\"container\">\n\t\t\t\t\t<div class=\"e-con-inner\">\n\t\t<div class=\"elementor-element elementor-element-b7d8a49 e-con-full e-flex e-con e-child\" data-id=\"b7d8a49\" data-element_type=\"container\" data-e-type=\"container\">\n\t\t\t\t<div class=\"elementor-element elementor-element-cba9527 elementor-widget elementor-widget-text-editor\" data-id=\"cba9527\" data-element_type=\"widget\" data-e-type=\"widget\" data-widget_type=\"text-editor.default\">\n\t\t\t\t<div class=\"elementor-widget-container\">\n\t\t\t\t\t\t\t\t\t<div class=\"elementor-element elementor-element-c626661 e-flex e-con-boxed e-con e-parent e-lazyloaded\" data-id=\"c626661\" data-element_type=\"container\"><div class=\"e-con-inner\"><div class=\"elementor-element elementor-element-994278d elementor-widget elementor-widget-text-editor\" data-id=\"994278d\" data-element_type=\"widget\" data-widget_type=\"text-editor.default\"><div class=\"elementor-widget-container\"><h1>Textos extendidos de obra<\/h1><\/div><\/div><div class=\"elementor-element elementor-element-2a5d213 elementor-widget elementor-widget-text-editor\" data-id=\"2a5d213\" data-element_type=\"widget\" data-widget_type=\"text-editor.default\"><div class=\"elementor-widget-container\"><p><em><a href=\"http:\/\/ginro.xyz\/wp-content\/uploads\/2024\/01\/Reflexiones_Alba-Rodriguez-.pdf\">Reflexiones de migraci\u00f3n el retorno y la construcci\u00f3n de la identidad compartida<\/a><\/em> de Alba Rodr\u00edguez (2022) <em><br \/><\/em><\/p><\/div><\/div><div class=\"elementor-element elementor-element-c157999 elementor-widget elementor-widget-text-editor\" data-id=\"c157999\" data-element_type=\"widget\" data-widget_type=\"text-editor.default\"><div class=\"elementor-widget-container\"><p><em><a href=\"http:\/\/ginro.xyz\/wp-content\/uploads\/2024\/02\/EL-OTRO_JULIACABRERA.pdf\">El otro lado del jard\u00edn<\/a><\/em> de <a href=\"https:\/\/linktr.ee\/juliavcabrera?fbclid=PAAaZaX4sfN-HHPfGjFJmhPTLykgWImokdnXcgTB0_mX3Jct6rx8k_WhNMFug\">Jul\u00eda<strong> Cabrera <\/strong><\/a>(2023)<\/p><\/div><\/div><\/div><\/div>\t\t\t\t\t\t\t\t<\/div>\n\t\t\t\t<\/div>\n\t\t\t\t<\/div>\n\t\t<div class=\"elementor-element elementor-element-bcc28d1 e-con-full e-flex e-con e-child\" data-id=\"bcc28d1\" data-element_type=\"container\" data-e-type=\"container\">\n\t\t\t\t<\/div>\n\t\t\t\t\t<\/div>\n\t\t\t\t<\/div>\n\t\t\t\t<\/div>\n\t\t","protected":false},"excerpt":{"rendered":"<p>Textos escritos para exposiciones Reflexiones sonde migraci\u00f3n el retorno y la construcci\u00f3n de la identidad compartida de Alba Rodr\u00edguez (2022) El otro lado del jard\u00edn de Jul\u00eda Cabrera (2023) Textos extendidos de obra Reflexiones de migraci\u00f3n el retorno y la construcci\u00f3n de la identidad compartida de Alba Rodr\u00edguez (2022) El otro lado del jard\u00edn de [&hellip;]<\/p>\n","protected":false},"author":1,"featured_media":0,"parent":0,"menu_order":0,"comment_status":"closed","ping_status":"closed","template":"","meta":{"footnotes":""},"class_list":["post-209","page","type-page","status-publish","hentry"],"_links":{"self":[{"href":"https:\/\/ginro.xyz\/index.php\/wp-json\/wp\/v2\/pages\/209","targetHints":{"allow":["GET"]}}],"collection":[{"href":"https:\/\/ginro.xyz\/index.php\/wp-json\/wp\/v2\/pages"}],"about":[{"href":"https:\/\/ginro.xyz\/index.php\/wp-json\/wp\/v2\/types\/page"}],"author":[{"embeddable":true,"href":"https:\/\/ginro.xyz\/index.php\/wp-json\/wp\/v2\/users\/1"}],"replies":[{"embeddable":true,"href":"https:\/\/ginro.xyz\/index.php\/wp-json\/wp\/v2\/comments?post=209"}],"version-history":[{"count":44,"href":"https:\/\/ginro.xyz\/index.php\/wp-json\/wp\/v2\/pages\/209\/revisions"}],"predecessor-version":[{"id":1160,"href":"https:\/\/ginro.xyz\/index.php\/wp-json\/wp\/v2\/pages\/209\/revisions\/1160"}],"wp:attachment":[{"href":"https:\/\/ginro.xyz\/index.php\/wp-json\/wp\/v2\/media?parent=209"}],"curies":[{"name":"wp","href":"https:\/\/api.w.org\/{rel}","templated":true}]}}