{"id":91,"date":"2023-12-21T20:17:58","date_gmt":"2023-12-21T19:17:58","guid":{"rendered":"https:\/\/ginro.xyz\/?page_id=91"},"modified":"2024-01-07T23:56:07","modified_gmt":"2024-01-07T22:56:07","slug":"welcome-to-parking","status":"publish","type":"page","link":"https:\/\/ginro.xyz\/index.php\/welcome-to-parking\/","title":{"rendered":"Welcome to parking"},"content":{"rendered":"\t\t<div data-elementor-type=\"wp-page\" data-elementor-id=\"91\" class=\"elementor elementor-91\">\n\t\t\t\t<div class=\"elementor-element elementor-element-5dd4e61 e-flex e-con-boxed e-con e-parent\" data-id=\"5dd4e61\" data-element_type=\"container\" data-e-type=\"container\">\n\t\t\t\t\t<div class=\"e-con-inner\">\n\t\t<div class=\"elementor-element elementor-element-0707eae e-flex e-con-boxed e-con e-child\" data-id=\"0707eae\" data-element_type=\"container\" data-e-type=\"container\">\n\t\t\t\t\t<div class=\"e-con-inner\">\n\t\t<div class=\"elementor-element elementor-element-e87aba0 e-flex e-con-boxed e-con e-child\" data-id=\"e87aba0\" data-element_type=\"container\" data-e-type=\"container\">\n\t\t\t\t\t<div class=\"e-con-inner\">\n\t\t\t\t\t<\/div>\n\t\t\t\t<\/div>\n\t\t\t\t\t<\/div>\n\t\t\t\t<\/div>\n\t\t\t\t<div class=\"elementor-element elementor-element-f0c3b9e gallery-spacing-custom elementor-widget__width-initial elementor-widget elementor-widget-image-gallery\" data-id=\"f0c3b9e\" data-element_type=\"widget\" data-e-type=\"widget\" data-widget_type=\"image-gallery.default\">\n\t\t\t\t<div class=\"elementor-widget-container\">\n\t\t\t\t\t\t\t<div class=\"elementor-image-gallery\">\n\t\t\t<div id='gallery-1' class='gallery galleryid-91 gallery-columns-1 gallery-size-full'><figure class='gallery-item'>\n\t\t\t<div class='gallery-icon landscape'>\n\t\t\t\t<a data-elementor-open-lightbox=\"no\" href='https:\/\/ginro.xyz\/wp-content\/uploads\/2023\/12\/georgina_rodriguez01.jpg'><img fetchpriority=\"high\" decoding=\"async\" width=\"960\" height=\"560\" src=\"https:\/\/ginro.xyz\/wp-content\/uploads\/2023\/12\/georgina_rodriguez01.jpg\" class=\"attachment-full size-full\" alt=\"\" srcset=\"https:\/\/ginro.xyz\/wp-content\/uploads\/2023\/12\/georgina_rodriguez01.jpg 960w, https:\/\/ginro.xyz\/wp-content\/uploads\/2023\/12\/georgina_rodriguez01-300x175.jpg 300w, https:\/\/ginro.xyz\/wp-content\/uploads\/2023\/12\/georgina_rodriguez01-768x448.jpg 768w\" sizes=\"(max-width: 960px) 100vw, 960px\" \/><\/a>\n\t\t\t<\/div><\/figure><figure class='gallery-item'>\n\t\t\t<div class='gallery-icon landscape'>\n\t\t\t\t<a data-elementor-open-lightbox=\"no\" href='https:\/\/ginro.xyz\/wp-content\/uploads\/2023\/12\/georgina_rodriguez02.jpg'><img decoding=\"async\" width=\"960\" height=\"560\" src=\"https:\/\/ginro.xyz\/wp-content\/uploads\/2023\/12\/georgina_rodriguez02.jpg\" class=\"attachment-full size-full\" alt=\"\" srcset=\"https:\/\/ginro.xyz\/wp-content\/uploads\/2023\/12\/georgina_rodriguez02.jpg 960w, https:\/\/ginro.xyz\/wp-content\/uploads\/2023\/12\/georgina_rodriguez02-300x175.jpg 300w, https:\/\/ginro.xyz\/wp-content\/uploads\/2023\/12\/georgina_rodriguez02-768x448.jpg 768w\" sizes=\"(max-width: 960px) 100vw, 960px\" \/><\/a>\n\t\t\t<\/div><\/figure><figure class='gallery-item'>\n\t\t\t<div class='gallery-icon landscape'>\n\t\t\t\t<a data-elementor-open-lightbox=\"no\" href='https:\/\/ginro.xyz\/wp-content\/uploads\/2023\/12\/georgina_rodriguez03.jpg'><img decoding=\"async\" width=\"960\" height=\"560\" src=\"https:\/\/ginro.xyz\/wp-content\/uploads\/2023\/12\/georgina_rodriguez03.jpg\" class=\"attachment-full size-full\" alt=\"\" srcset=\"https:\/\/ginro.xyz\/wp-content\/uploads\/2023\/12\/georgina_rodriguez03.jpg 960w, https:\/\/ginro.xyz\/wp-content\/uploads\/2023\/12\/georgina_rodriguez03-300x175.jpg 300w, https:\/\/ginro.xyz\/wp-content\/uploads\/2023\/12\/georgina_rodriguez03-768x448.jpg 768w\" sizes=\"(max-width: 960px) 100vw, 960px\" \/><\/a>\n\t\t\t<\/div><\/figure><figure class='gallery-item'>\n\t\t\t<div class='gallery-icon landscape'>\n\t\t\t\t<a data-elementor-open-lightbox=\"no\" href='https:\/\/ginro.xyz\/wp-content\/uploads\/2023\/12\/georgina_rodriguez04.jpg'><img loading=\"lazy\" decoding=\"async\" width=\"960\" height=\"560\" src=\"https:\/\/ginro.xyz\/wp-content\/uploads\/2023\/12\/georgina_rodriguez04.jpg\" class=\"attachment-full size-full\" alt=\"\" srcset=\"https:\/\/ginro.xyz\/wp-content\/uploads\/2023\/12\/georgina_rodriguez04.jpg 960w, https:\/\/ginro.xyz\/wp-content\/uploads\/2023\/12\/georgina_rodriguez04-300x175.jpg 300w, https:\/\/ginro.xyz\/wp-content\/uploads\/2023\/12\/georgina_rodriguez04-768x448.jpg 768w\" sizes=\"(max-width: 960px) 100vw, 960px\" \/><\/a>\n\t\t\t<\/div><\/figure><figure class='gallery-item'>\n\t\t\t<div class='gallery-icon landscape'>\n\t\t\t\t<a data-elementor-open-lightbox=\"no\" href='https:\/\/ginro.xyz\/wp-content\/uploads\/2023\/12\/georgina_rodriguez05.jpg'><img loading=\"lazy\" decoding=\"async\" width=\"960\" height=\"560\" src=\"https:\/\/ginro.xyz\/wp-content\/uploads\/2023\/12\/georgina_rodriguez05.jpg\" class=\"attachment-full size-full\" alt=\"\" srcset=\"https:\/\/ginro.xyz\/wp-content\/uploads\/2023\/12\/georgina_rodriguez05.jpg 960w, https:\/\/ginro.xyz\/wp-content\/uploads\/2023\/12\/georgina_rodriguez05-300x175.jpg 300w, https:\/\/ginro.xyz\/wp-content\/uploads\/2023\/12\/georgina_rodriguez05-768x448.jpg 768w\" sizes=\"(max-width: 960px) 100vw, 960px\" \/><\/a>\n\t\t\t<\/div><\/figure><figure class='gallery-item'>\n\t\t\t<div class='gallery-icon landscape'>\n\t\t\t\t<a data-elementor-open-lightbox=\"no\" href='https:\/\/ginro.xyz\/wp-content\/uploads\/2023\/12\/georgina_rodriguez06.jpg'><img loading=\"lazy\" decoding=\"async\" width=\"960\" height=\"560\" src=\"https:\/\/ginro.xyz\/wp-content\/uploads\/2023\/12\/georgina_rodriguez06.jpg\" class=\"attachment-full size-full\" alt=\"\" srcset=\"https:\/\/ginro.xyz\/wp-content\/uploads\/2023\/12\/georgina_rodriguez06.jpg 960w, https:\/\/ginro.xyz\/wp-content\/uploads\/2023\/12\/georgina_rodriguez06-300x175.jpg 300w, https:\/\/ginro.xyz\/wp-content\/uploads\/2023\/12\/georgina_rodriguez06-768x448.jpg 768w\" sizes=\"(max-width: 960px) 100vw, 960px\" \/><\/a>\n\t\t\t<\/div><\/figure>\n\t\t<\/div>\n\t\t<\/div>\n\t\t\t\t\t\t<\/div>\n\t\t\t\t<\/div>\n\t\t\t\t<div class=\"elementor-element elementor-element-cf4c8c8 elementor-widget__width-initial elementor-widget elementor-widget-text-editor\" data-id=\"cf4c8c8\" data-element_type=\"widget\" data-e-type=\"widget\" data-widget_type=\"text-editor.default\">\n\t\t\t\t<div class=\"elementor-widget-container\">\n\t\t\t\t\t\t\t\t\t<div class=\"clearfix field field-name-body field-type-text-with-summary field-label-hidden\"><div class=\"field-items\"><div class=\"field-item even\"><p><strong>(2014-2016)<\/strong><\/p><p>\u00a0<\/p><p>En el 2014 en la Ciudad de M\u00e9xico increment\u00f3 la construcci\u00f3n de centros comerciales para incluirlos en los megaproyectos urbanos para el mejoramiento de la ciudad. Actualmente los centros comerciales son considerados parte del entretenimiento y convivencia de la ciudad, sustituyendo los espacios p\u00fablicos.\u00a0<\/p><p>El centro comercial Parque Delta, ubicado en el centro-sur de la ciudad, realiz\u00f3 una ampliaci\u00f3n de su zona comercial y de estacionamiento. Para ello, tuvo que adquirir propiedades aleda\u00f1as y realizar demoliciones, entre ellas, derrib\u00f3 un edificio de estilo Art D\u00e9co; durante dicho proceso fue encontrado un basamento de un convento dominicano llamado &#8220;La Piedad&#8221; y diversos vestigios prehisp\u00e1nicos Teohtihuacanos.<\/p><p>El INAH (Instituto Nacional de Antropolog\u00eda e Historia) consider\u00f3 estos vestigios como construcciones de relevancia.\u00a0<\/p><p>En el 2015 el estacionamiento se termin\u00f3.\u00a0<\/p><p>Al desarrollar este proyecto me apoyo de la imagen fotogr\u00e1fica para registrar y reconstruir los acontecimientos que modifican la ciudad, en este proceso me queda la pregunta: \u00bfQu\u00e9 es una construcci\u00f3n de relevancia en una ciudad global?.<\/p><\/div><\/div><\/div>\t\t\t\t\t\t\t\t<\/div>\n\t\t\t\t<\/div>\n\t\t\t\t\t<\/div>\n\t\t\t\t<\/div>\n\t\t<div class=\"elementor-element elementor-element-403a54d e-flex e-con-boxed e-con e-parent\" data-id=\"403a54d\" data-element_type=\"container\" data-e-type=\"container\">\n\t\t\t\t\t<div class=\"e-con-inner\">\n\t\t<div class=\"elementor-element elementor-element-60093f2 e-con-full e-flex e-con e-child\" data-id=\"60093f2\" data-element_type=\"container\" data-e-type=\"container\">\n\t\t\t\t<\/div>\n\t\t\t\t\t<\/div>\n\t\t\t\t<\/div>\n\t\t\t\t<\/div>\n\t\t","protected":false},"excerpt":{"rendered":"<p>(2014-2016) \u00a0 En el 2014 en la Ciudad de M\u00e9xico increment\u00f3 la construcci\u00f3n de centros comerciales para incluirlos en los megaproyectos urbanos para el mejoramiento de la ciudad. Actualmente los centros comerciales son considerados parte del entretenimiento y convivencia de la ciudad, sustituyendo los espacios p\u00fablicos.\u00a0 El centro comercial Parque Delta, ubicado en el centro-sur [&hellip;]<\/p>\n","protected":false},"author":1,"featured_media":0,"parent":0,"menu_order":0,"comment_status":"closed","ping_status":"closed","template":"","meta":{"footnotes":""},"class_list":["post-91","page","type-page","status-publish","hentry"],"_links":{"self":[{"href":"https:\/\/ginro.xyz\/index.php\/wp-json\/wp\/v2\/pages\/91","targetHints":{"allow":["GET"]}}],"collection":[{"href":"https:\/\/ginro.xyz\/index.php\/wp-json\/wp\/v2\/pages"}],"about":[{"href":"https:\/\/ginro.xyz\/index.php\/wp-json\/wp\/v2\/types\/page"}],"author":[{"embeddable":true,"href":"https:\/\/ginro.xyz\/index.php\/wp-json\/wp\/v2\/users\/1"}],"replies":[{"embeddable":true,"href":"https:\/\/ginro.xyz\/index.php\/wp-json\/wp\/v2\/comments?post=91"}],"version-history":[{"count":23,"href":"https:\/\/ginro.xyz\/index.php\/wp-json\/wp\/v2\/pages\/91\/revisions"}],"predecessor-version":[{"id":708,"href":"https:\/\/ginro.xyz\/index.php\/wp-json\/wp\/v2\/pages\/91\/revisions\/708"}],"wp:attachment":[{"href":"https:\/\/ginro.xyz\/index.php\/wp-json\/wp\/v2\/media?parent=91"}],"curies":[{"name":"wp","href":"https:\/\/api.w.org\/{rel}","templated":true}]}}